{"id":494,"date":"2021-02-18T15:23:00","date_gmt":"2021-02-18T14:23:00","guid":{"rendered":"https:\/\/www.easyrunoffice.fr\/?page_id=494"},"modified":"2021-03-01T17:06:32","modified_gmt":"2021-03-01T16:06:32","slug":"start-up","status":"publish","type":"page","link":"https:\/\/www.easyrunoffice.fr\/index.php\/start-up\/","title":{"rendered":"START-UP"},"content":{"rendered":"\n<h2><span class=\"has-inline-color has-luminous-vivid-orange-color\">Misez sur la strat\u00e9gie de l&rsquo;outsourcing<\/span><\/h2>\n\n\n\n<p><span class=\"has-inline-color has-black-color\">Vous lancez votre activit\u00e9, et plus que jamais, vous avez besoin de vous concentrer sur votre strat\u00e9gie \u00e9conomique et sur le d\u00e9veloppement de votre activit\u00e9.<\/span><\/p>\n\n\n\n<p><span class=\"has-inline-color has-black-color\">Appuyez-vous sur l&rsquo;expertise d&rsquo;un Office Manager, ou faites-vous accompagner par une assistante administrative.<\/span><\/p>\n\n\n\n<h2><span class=\"has-inline-color has-luminous-vivid-orange-color\">Pour r\u00e9pondre \u00e0 votre besoin :<\/span><\/h2>\n\n\n\n<p><span class=\"has-inline-color has-black-color\">Lorsqu&rsquo;on est passionn\u00e9 par son m\u00e9tier et absorb\u00e9 par ses responsabilit\u00e9s d&rsquo;entrepreneur, il devient complexe de s&rsquo;occuper aussi de la gestion administrative de son entreprise.<\/span> <span class=\"has-inline-color has-black-color\">La solution? Faire appel \u00e0 un prestataire externe<\/span> :<\/p>\n\n\n\n<div class=\"wp-block-columns\">\n<div class=\"wp-block-column\">\n<figure class=\"wp-block-image size-large\"><img loading=\"lazy\" width=\"1024\" height=\"576\" src=\"https:\/\/www.easyrunoffice.fr\/wp-content\/uploads\/2021\/03\/office-manager-1024x576.jpg\" alt=\"\" class=\"wp-image-835\" srcset=\"https:\/\/www.easyrunoffice.fr\/wp-content\/uploads\/2021\/03\/office-manager-1024x576.jpg 1024w, https:\/\/www.easyrunoffice.fr\/wp-content\/uploads\/2021\/03\/office-manager-300x169.jpg 300w, https:\/\/www.easyrunoffice.fr\/wp-content\/uploads\/2021\/03\/office-manager-768x432.jpg 768w, https:\/\/www.easyrunoffice.fr\/wp-content\/uploads\/2021\/03\/office-manager.jpg 1280w\" sizes=\"(max-width: 1024px) 100vw, 1024px\" \/><\/figure>\n<\/div>\n\n\n\n<div class=\"wp-block-column\">\n<ul><li><span class=\"has-inline-color has-black-color\">Gestion des services g\u00e9n\u00e9raux<\/span><\/li><li><span class=\"has-inline-color has-black-color\">Cr\u00e9ation et mise \u00e0 jour de reportings<\/span><\/li><li><span class=\"has-inline-color has-black-color\">Suivi des budgets<\/span><\/li><li><span class=\"has-inline-color has-black-color\">S\u00e9curisation des processus<\/span><\/li><li><span class=\"has-inline-color has-black-color\">Gestion de la tr\u00e9sorerie<\/span><\/li><li><span class=\"has-inline-color has-black-color\">Suivi des frais<\/span><\/li><li><span class=\"has-inline-color has-black-color\">Organisation de r\u00e9unions ou autre \u00e9v\u00e8nements internes<\/span><\/li><\/ul>\n<\/div>\n<\/div>\n\n\n\n<h2><span class=\"has-inline-color has-luminous-vivid-orange-color\">Quel budget pr\u00e9voir?<\/span><\/h2>\n\n\n\n<p><span class=\"has-inline-color has-black-color\">Les prestations d&rsquo;office manager sont au tarif de 350 \u20ac H.T. la journ\u00e9e.<\/span><\/p>\n\n\n\n<div class=\"wp-container-1 wp-block-buttons\">\n<div class=\"wp-block-button is-style-outline\"><a class=\"wp-block-button__link\" href=\"https:\/\/www.easyrunoffice.fr\/index.php\/les-formules-et-les-tarifs\/\"><strong><span class=\"has-inline-color has-luminous-vivid-orange-color\">Consulter les autres formules et les tarifs<\/span><\/strong><\/a><\/div>\n<\/div>\n\n\n\n<h2><span class=\"has-inline-color has-luminous-vivid-orange-color\">Mes engagements<\/span><\/h2>\n\n\n\n<ul><li><span class=\"has-inline-color has-black-color\"><strong>Qualit\u00e9 <\/strong>: Vous b\u00e9n\u00e9ficiez de plus de vingt ans d&rsquo;expertise<\/span><\/li><li><span class=\"has-inline-color has-black-color\"><strong>Prix <\/strong>: Vous ne payez que les heures effectives de travail<\/span><\/li><li><span class=\"has-inline-color has-black-color\"><strong>Souplesse <\/strong>: Vous faites appel \u00e0 mes services quand vous en avez besoin, sans engagement de volume horaire ou de dur\u00e9e<\/span><\/li><li><span class=\"has-inline-color has-black-color\"><strong>S\u00e9curit\u00e9 <\/strong>: Je suis soumise au secret professionnel. Vos donn\u00e9es sont enregistr\u00e9es sur un site s\u00e9curis\u00e9<\/span><\/li><li><span class=\"has-inline-color has-black-color\"><strong>Simplicit\u00e9 <\/strong>: Vous vous lib\u00e9rez des contraintes li\u00e9es \u00e0 la gestion administrative et \u00e0 la gestion du personnel<\/span><\/li><\/ul>\n\n\n\n<h2><span class=\"has-inline-color has-luminous-vivid-orange-color\">Externaliser son administratif en 4 \u00e9tapes simples :<\/span><\/h2>\n\n\n\n<figure class=\"wp-block-table\"><table><tbody><tr><td>1\ufe0f\u20e3<\/td><td>2\ufe0f\u20e3<\/td><td>3\ufe0f\u20e3<\/td><td>4\ufe0f\u20e3<\/td><\/tr><tr><td><span class=\"has-inline-color has-black-color\">Nous qualifions ensemble votre besoin<\/span><\/td><td><span class=\"has-inline-color has-black-color\">Vous recevez votre devis dans les minutes qui suivent<\/span><\/td><td><span class=\"has-inline-color has-black-color\">Je viens dans vos locaux ou travaille \u00e0 distance pour vous<\/span><\/td><td><span class=\"has-inline-color has-black-color\">Vous payez uniquement les<br>heures effectu\u00e9es<br>et votre facturation est mensuelle<\/span><\/td><\/tr><\/tbody><\/table><\/figure>\n\n\n\n<div class=\"wp-container-2 wp-block-buttons\">\n<div class=\"wp-block-button is-style-outline\"><a class=\"wp-block-button__link\" href=\"https:\/\/www.easyrunoffice.fr\/index.php\/contact\/\"><span class=\"has-inline-color has-luminous-vivid-orange-color\"><strong>Je souhaite \u00eatre rappel\u00e9<\/strong><\/span><\/a><\/div>\n<\/div>\n","protected":false},"excerpt":{"rendered":"<p>Misez sur la strat\u00e9gie de l&rsquo;outsourcing Vous lancez votre activit\u00e9, et plus que jamais, vous avez besoin de vous concentrer sur votre strat\u00e9gie \u00e9conomique et sur le d\u00e9veloppement de votre activit\u00e9. Appuyez-vous sur l&rsquo;expertise d&rsquo;un Office Manager, ou faites-vous accompagner par une assistante administrative. Pour r\u00e9pondre \u00e0 votre besoin : Lorsqu&rsquo;on est passionn\u00e9 par son&hellip; <br \/> <a class=\"read-more\" href=\"https:\/\/www.easyrunoffice.fr\/index.php\/start-up\/\">Lire la suite<\/a><\/p>\n","protected":false},"author":1,"featured_media":0,"parent":0,"menu_order":0,"comment_status":"closed","ping_status":"closed","template":"","meta":[],"_links":{"self":[{"href":"https:\/\/www.easyrunoffice.fr\/index.php\/wp-json\/wp\/v2\/pages\/494"}],"collection":[{"href":"https:\/\/www.easyrunoffice.fr\/index.php\/wp-json\/wp\/v2\/pages"}],"about":[{"href":"https:\/\/www.easyrunoffice.fr\/index.php\/wp-json\/wp\/v2\/types\/page"}],"author":[{"embeddable":true,"href":"https:\/\/www.easyrunoffice.fr\/index.php\/wp-json\/wp\/v2\/users\/1"}],"replies":[{"embeddable":true,"href":"https:\/\/www.easyrunoffice.fr\/index.php\/wp-json\/wp\/v2\/comments?post=494"}],"version-history":[{"count":6,"href":"https:\/\/www.easyrunoffice.fr\/index.php\/wp-json\/wp\/v2\/pages\/494\/revisions"}],"predecessor-version":[{"id":837,"href":"https:\/\/www.easyrunoffice.fr\/index.php\/wp-json\/wp\/v2\/pages\/494\/revisions\/837"}],"wp:attachment":[{"href":"https:\/\/www.easyrunoffice.fr\/index.php\/wp-json\/wp\/v2\/media?parent=494"}],"curies":[{"name":"wp","href":"https:\/\/api.w.org\/{rel}","templated":true}]}}