{"id":498,"date":"2021-02-18T15:23:00","date_gmt":"2021-02-18T14:23:00","guid":{"rendered":"https:\/\/www.easyrunoffice.fr\/?page_id=498"},"modified":"2021-03-01T16:41:48","modified_gmt":"2021-03-01T15:41:48","slug":"professions-liberales","status":"publish","type":"page","link":"https:\/\/www.easyrunoffice.fr\/index.php\/professions-liberales\/","title":{"rendered":"PROFESSIONS LIBERALES"},"content":{"rendered":"\n<p><span class=\"has-inline-color has-black-color\">Il faut se rendre \u00e0 l&rsquo;\u00e9vidence, entreprendre dans une profession lib\u00e9rale ne laisse que peu de place, dans les plannings d\u00e9j\u00e0 bien charg\u00e9s, \u00e0 la gestion administrative. Employer quelqu&rsquo;un serait bien n\u00e9cessaire mais peut aussi peser lourd sur le budget et les charges fixes&#8230;<\/span><\/p>\n\n\n\n<p><span class=\"has-inline-color has-black-color\">La meilleure solution pour vous est l&rsquo;externalisation de la gestion administrative,  plus souple car vous n&rsquo;y faites appel qu&rsquo;en cas de besoin, et plus adapt\u00e9e \u00e0 votre budget car vous ne payez que les heures effectives d&rsquo;intervention. <\/span><\/p>\n\n\n\n<p><span class=\"has-inline-color has-black-color\">Ci-dessous, une pr\u00e9sentation des prestations offertes aux professions juridiques, m\u00e9dicales ou consultants freelance, mais soyons objectifs, mes prestations s&rsquo;adaptent quelque soit votre corp de m\u00e9tier&#8230;;-)<\/span><\/p>\n\n\n\n<div class=\"wp-container-1 wp-block-buttons\">\n<div class=\"wp-block-button is-style-fill\"><a class=\"wp-block-button__link\" href=\"https:\/\/www.easyrunoffice.fr\/index.php\/contact\/\"><strong><span class=\"has-inline-color has-white-color\">JE SOUHAITE ETRE RAPPELE<\/span><\/strong><\/a><\/div>\n<\/div>\n\n\n\n<h2><span class=\"has-inline-color has-luminous-vivid-orange-color\">1- L&rsquo;externalisation administrative pour les professions juridiques<\/span><\/h2>\n\n\n\n<div class=\"wp-block-columns\">\n<div class=\"wp-block-column\" style=\"flex-basis:33.33%\">\n<figure class=\"wp-block-image size-large\"><img loading=\"lazy\" width=\"1024\" height=\"767\" src=\"https:\/\/www.easyrunoffice.fr\/wp-content\/uploads\/2021\/03\/professions-juridiques-1024x767.jpg\" alt=\"\" class=\"wp-image-824\" srcset=\"https:\/\/www.easyrunoffice.fr\/wp-content\/uploads\/2021\/03\/professions-juridiques-1024x767.jpg 1024w, https:\/\/www.easyrunoffice.fr\/wp-content\/uploads\/2021\/03\/professions-juridiques-300x225.jpg 300w, https:\/\/www.easyrunoffice.fr\/wp-content\/uploads\/2021\/03\/professions-juridiques-768x576.jpg 768w, https:\/\/www.easyrunoffice.fr\/wp-content\/uploads\/2021\/03\/professions-juridiques-1536x1151.jpg 1536w, https:\/\/www.easyrunoffice.fr\/wp-content\/uploads\/2021\/03\/professions-juridiques-1441x1080.jpg 1441w, https:\/\/www.easyrunoffice.fr\/wp-content\/uploads\/2021\/03\/professions-juridiques.jpg 1920w\" sizes=\"(max-width: 1024px) 100vw, 1024px\" \/><\/figure>\n<\/div>\n\n\n\n<div class=\"wp-block-column\" style=\"flex-basis:66.66%\">\n<p><span class=\"has-inline-color has-black-color\">Les prestations dont vous allez avoir besoin vont \u00eatre les suivantes :<\/span><\/p>\n\n\n\n<ul><li><span class=\"has-inline-color has-black-color\">La pr\u00e9paration des \u00e9l\u00e9ments de comptabilit\u00e9<\/span><\/li><li><span class=\"has-inline-color has-black-color\">Les d\u00e9marches et formalit\u00e9s administratives<\/span><\/li><li><span class=\"has-inline-color has-black-color\">Le secr\u00e9tariat classique (gestion du courrier\/classement de documents\/saisie de donn\u00e9es)<\/span><\/li><li><span class=\"has-inline-color has-black-color\">L&rsquo;assistance juridique (Audio-transcription\/utilisation de progiciels d\u00e9di\u00e9s\/gestion RPVA\/RPVJ\/suivi de dossiers juridiques)<\/span><\/li><li><span class=\"has-inline-color has-black-color\">La gestion du cabinet (gestion des plannings\/gestion des services g\u00e9n\u00e9raux)<\/span><\/li><\/ul>\n<\/div>\n<\/div>\n\n\n\n<h2><span class=\"has-inline-color has-luminous-vivid-orange-color\">Quel budget pr\u00e9voir pour l&rsquo;externalisation?<\/span><\/h2>\n\n\n\n<p><span class=\"has-inline-color has-black-color\">Pour une prestation de 4 H par semaine, il faudra pr\u00e9voir une enveloppe budg\u00e9taire d&rsquo;environ 600 \u20ac H.T.<\/span><\/p>\n\n\n\n<h2><span class=\"has-inline-color has-luminous-vivid-orange-color\">Quels avantages?<\/span><\/h2>\n\n\n\n<p><span class=\"has-inline-color has-black-color\">Lib\u00e9r\u00e9s de la charge administrative, vous pouvez pleinement vous consacrer \u00e0 votre coeur de m\u00e9tier en toute s\u00e9r\u00e9nit\u00e9.<\/span><\/p>\n\n\n\n<div class=\"wp-container-2 wp-block-buttons\">\n<div class=\"wp-block-button\"><a class=\"wp-block-button__link\" href=\"https:\/\/www.easyrunoffice.fr\/index.php\/contact\/\"><strong>JE DEMANDE UN DEVIS<\/strong><\/a><\/div>\n<\/div>\n\n\n\n<h2><span class=\"has-inline-color has-luminous-vivid-orange-color\">2 &#8211; L&rsquo;externalisation administrative pour les cabinets m\u00e9dicaux<\/span><\/h2>\n\n\n\n<div class=\"wp-block-columns\">\n<div class=\"wp-block-column\" style=\"flex-basis:33.33%\">\n<figure class=\"wp-block-image size-large\"><img loading=\"lazy\" width=\"1024\" height=\"683\" src=\"https:\/\/www.easyrunoffice.fr\/wp-content\/uploads\/2021\/03\/cabinet-medical-1024x683.jpg\" alt=\"\" class=\"wp-image-826\" srcset=\"https:\/\/www.easyrunoffice.fr\/wp-content\/uploads\/2021\/03\/cabinet-medical-1024x683.jpg 1024w, https:\/\/www.easyrunoffice.fr\/wp-content\/uploads\/2021\/03\/cabinet-medical-300x200.jpg 300w, https:\/\/www.easyrunoffice.fr\/wp-content\/uploads\/2021\/03\/cabinet-medical-768x512.jpg 768w, https:\/\/www.easyrunoffice.fr\/wp-content\/uploads\/2021\/03\/cabinet-medical-1536x1024.jpg 1536w, https:\/\/www.easyrunoffice.fr\/wp-content\/uploads\/2021\/03\/cabinet-medical-1620x1080.jpg 1620w, https:\/\/www.easyrunoffice.fr\/wp-content\/uploads\/2021\/03\/cabinet-medical.jpg 1920w\" sizes=\"(max-width: 1024px) 100vw, 1024px\" \/><\/figure>\n<\/div>\n\n\n\n<div class=\"wp-block-column\" style=\"flex-basis:66.66%\">\n<p><span class=\"has-inline-color has-black-color\">Les prestations que je vous proposent sont les suivantes :<\/span><\/p>\n\n\n\n<ul><li><span class=\"has-inline-color has-black-color\">La pr\u00e9paration des \u00e9l\u00e9ments de comptabilit\u00e9<\/span><\/li><li><span class=\"has-inline-color has-black-color\">Les d\u00e9marches et formalit\u00e9s administratives<\/span><\/li><li><span class=\"has-inline-color has-black-color\">La saisie de comptes-rendus<\/span><\/li><li><span class=\"has-inline-color has-black-color\">Le classement, l&rsquo;archivage et la num\u00e9risation des dossiers m\u00e9dicaux<\/span><\/li><li><span class=\"has-inline-color has-black-color\">Les commandes de fournitures m\u00e9dicales<\/span><\/li><li><span class=\"has-inline-color has-black-color\">La gestion des courriers et emails<\/span><\/li><li><span class=\"has-inline-color has-black-color\">La transcription audio de vos rapports<\/span><\/li><\/ul>\n<\/div>\n<\/div>\n\n\n\n<h2><span class=\"has-inline-color has-luminous-vivid-orange-color\">Quel budget pr\u00e9voir pour l&rsquo;externalisation?<\/span><\/h2>\n\n\n\n<p><span class=\"has-inline-color has-black-color\">Pour une prestation de 2 H par semaine, il faudra pr\u00e9voir une enveloppe budg\u00e9taire d&rsquo;environ 300 \u20ac H.T.<\/span><\/p>\n\n\n\n<h2><span class=\"has-inline-color has-luminous-vivid-orange-color\">Quels avantages?<\/span><\/h2>\n\n\n\n<p><span class=\"has-inline-color has-black-color\">Lib\u00e9r\u00e9s de cette charge administrative, vous pouvez enti\u00e8rement vous consacrer \u00e0 vos patients en toute s\u00e9r\u00e9nit\u00e9 sans alourdir vos charges fixes. Le fonctionnement de votre cabinet est entre de bonnes mains&#8230;<\/span><\/p>\n\n\n\n<div class=\"wp-container-3 wp-block-buttons\">\n<div class=\"wp-block-button\"><a class=\"wp-block-button__link\" href=\"https:\/\/www.easyrunoffice.fr\/index.php\/contact\/\"><strong>JE DEMANDE UN DEVIS<\/strong><\/a><\/div>\n<\/div>\n\n\n\n<h2><span class=\"has-inline-color has-luminous-vivid-orange-color\">3- L&rsquo;externalisation administrative pour les consultants freelance<\/span><\/h2>\n\n\n\n<div class=\"wp-block-columns\">\n<div class=\"wp-block-column\" style=\"flex-basis:33.33%\">\n<figure class=\"wp-block-image size-large\"><img loading=\"lazy\" width=\"1024\" height=\"576\" src=\"https:\/\/www.easyrunoffice.fr\/wp-content\/uploads\/2021\/03\/freelance-1024x576.jpg\" alt=\"\" class=\"wp-image-827\" srcset=\"https:\/\/www.easyrunoffice.fr\/wp-content\/uploads\/2021\/03\/freelance-1024x576.jpg 1024w, https:\/\/www.easyrunoffice.fr\/wp-content\/uploads\/2021\/03\/freelance-300x169.jpg 300w, https:\/\/www.easyrunoffice.fr\/wp-content\/uploads\/2021\/03\/freelance-768x432.jpg 768w, https:\/\/www.easyrunoffice.fr\/wp-content\/uploads\/2021\/03\/freelance-1536x864.jpg 1536w, https:\/\/www.easyrunoffice.fr\/wp-content\/uploads\/2021\/03\/freelance.jpg 1920w\" sizes=\"(max-width: 1024px) 100vw, 1024px\" \/><\/figure>\n<\/div>\n\n\n\n<div class=\"wp-block-column\" style=\"flex-basis:66.66%\">\n<p><span class=\"has-inline-color has-black-color\">Les prestations qui ont le plus de valeurs ajout\u00e9es pour vous sont les suivantes :<\/span><\/p>\n\n\n\n<ul><li><span class=\"has-inline-color has-black-color\">R\u00e9daction des CGP<\/span><\/li><li><span class=\"has-inline-color has-black-color\">La pr\u00e9paration des \u00e9l\u00e9ments de comptabilit\u00e9<\/span><\/li><li><span class=\"has-inline-color has-black-color\">L&rsquo;\u00e9laboration de devis<\/span><\/li><li><span class=\"has-inline-color has-black-color\">Le suivi de facturation<\/span><\/li><li><span class=\"has-inline-color has-black-color\">La gestion des frais professionnels<\/span><\/li><li><span class=\"has-inline-color has-black-color\">Les d\u00e9marches et formalit\u00e9s administratives<\/span><\/li><li><span class=\"has-inline-color has-black-color\">Le classement, l&rsquo;archivage et la num\u00e9risation de vos dossiers<\/span><\/li><\/ul>\n\n\n\n<p><\/p>\n<\/div>\n<\/div>\n\n\n\n<h2><span class=\"has-inline-color has-luminous-vivid-orange-color\">Quel budget pr\u00e9voir pour l&rsquo;externalisation?<\/span><\/h2>\n\n\n\n<p><span class=\"has-inline-color has-black-color\">Pour une prestation de 2 H par semaine, il faudra pr\u00e9voir une enveloppe budg\u00e9taire d&rsquo;environ 300 \u20ac H.T.<\/span><\/p>\n\n\n\n<h2><span class=\"has-inline-color has-luminous-vivid-orange-color\">Quels avantages?<\/span><\/h2>\n\n\n\n<p><span class=\"has-inline-color has-black-color\">En d\u00e9l\u00e9gant votre gestion administrative, vous avez plus de temps pour vous concentrer sur vos missions et ainsi augmenter votre chiffre d&rsquo;affaire mais aussi vous offrir plus de temps pour profiter de votre vie personnelle.<\/span><\/p>\n\n\n\n<div class=\"wp-container-4 wp-block-buttons\">\n<div class=\"wp-block-button is-style-fill\"><a class=\"wp-block-button__link\" href=\"https:\/\/www.easyrunoffice.fr\/index.php\/contact\/\"><strong><span class=\"has-inline-color has-white-color\">JE DEMANDE UN DEVIS<\/span><\/strong><\/a><\/div>\n<\/div>\n","protected":false},"excerpt":{"rendered":"<p>Il faut se rendre \u00e0 l&rsquo;\u00e9vidence, entreprendre dans une profession lib\u00e9rale ne laisse que peu de place, dans les plannings d\u00e9j\u00e0 bien charg\u00e9s, \u00e0 la gestion administrative. Employer quelqu&rsquo;un serait bien n\u00e9cessaire mais peut aussi peser lourd sur le budget et les charges fixes&#8230; La meilleure solution pour vous est l&rsquo;externalisation de la gestion administrative,&hellip; <br \/> <a class=\"read-more\" href=\"https:\/\/www.easyrunoffice.fr\/index.php\/professions-liberales\/\">Lire la suite<\/a><\/p>\n","protected":false},"author":1,"featured_media":0,"parent":0,"menu_order":0,"comment_status":"closed","ping_status":"closed","template":"","meta":[],"_links":{"self":[{"href":"https:\/\/www.easyrunoffice.fr\/index.php\/wp-json\/wp\/v2\/pages\/498"}],"collection":[{"href":"https:\/\/www.easyrunoffice.fr\/index.php\/wp-json\/wp\/v2\/pages"}],"about":[{"href":"https:\/\/www.easyrunoffice.fr\/index.php\/wp-json\/wp\/v2\/types\/page"}],"author":[{"embeddable":true,"href":"https:\/\/www.easyrunoffice.fr\/index.php\/wp-json\/wp\/v2\/users\/1"}],"replies":[{"embeddable":true,"href":"https:\/\/www.easyrunoffice.fr\/index.php\/wp-json\/wp\/v2\/comments?post=498"}],"version-history":[{"count":5,"href":"https:\/\/www.easyrunoffice.fr\/index.php\/wp-json\/wp\/v2\/pages\/498\/revisions"}],"predecessor-version":[{"id":831,"href":"https:\/\/www.easyrunoffice.fr\/index.php\/wp-json\/wp\/v2\/pages\/498\/revisions\/831"}],"wp:attachment":[{"href":"https:\/\/www.easyrunoffice.fr\/index.php\/wp-json\/wp\/v2\/media?parent=498"}],"curies":[{"name":"wp","href":"https:\/\/api.w.org\/{rel}","templated":true}]}}