{"id":516,"date":"2021-02-18T15:33:08","date_gmt":"2021-02-18T14:33:08","guid":{"rendered":"https:\/\/www.easyrunoffice.fr\/?page_id=516"},"modified":"2021-03-01T17:55:21","modified_gmt":"2021-03-01T16:55:21","slug":"assistance-comptable-3","status":"publish","type":"page","link":"https:\/\/www.easyrunoffice.fr\/index.php\/assistance-comptable-3\/","title":{"rendered":"ASSISTANCE COMPTABLE"},"content":{"rendered":"\n<h2><span class=\"has-inline-color has-luminous-vivid-orange-color\">Gestion comptable : externalisez la pr\u00e9paration \u00e0 la comptabilit\u00e9<\/span><\/h2>\n\n\n\n<p><span class=\"has-inline-color has-black-color\">Pour bon nombre d&rsquo;entrepreneurs, classer, ranger, organiser les \u00e9l\u00e9ments \u00e0 transmettre \u00e0 leur expert-comptable est un vrai casse-t\u00eate. <\/span><\/p>\n\n\n\n<p><span class=\"has-inline-color has-black-color\">Faire appel aux services d&rsquo;une assistante ind\u00e9pendante pour g\u00e9rer l&rsquo;ensemble des pi\u00e8ces n\u00e9cessaires \u00e0 la pr\u00e9paration de la comptabilit\u00e9 est <strong>la solution la plus fiable<\/strong>.<\/span><\/p>\n\n\n\n<p><span class=\"has-inline-color has-vivid-red-color\"><strong>Bien noter que je ne fais pas de comptabilit\u00e9<\/strong><\/span>. <em>En vertu de l\u2019article 20 de l\u2019ordonnance du 19 septembre 1945, il y a exercice ill\u00e9gal d\u00e8s qu\u2019une personne physique ou morale non inscrite au Tableau de l\u2019Ordre des experts-comptables effectue, en toute ind\u00e9pendance, pour le compte de tiers, les travaux appartenant aux pr\u00e9rogatives d\u2019exercice des personnes inscrites au Tableau de l\u2019ordre. L\u2019exercice ill\u00e9gal de la profession d\u2019expert-comptable constitue un d\u00e9lit.<\/em><\/p>\n\n\n\n<div class=\"wp-block-columns\">\n<div class=\"wp-block-column\" style=\"flex-basis:33.33%\">\n<figure class=\"wp-block-image size-large\"><img loading=\"lazy\" width=\"1024\" height=\"576\" src=\"https:\/\/www.easyrunoffice.fr\/wp-content\/uploads\/2021\/03\/Assistance-comptable-1024x576.jpg\" alt=\"\" class=\"wp-image-844\" srcset=\"https:\/\/www.easyrunoffice.fr\/wp-content\/uploads\/2021\/03\/Assistance-comptable-1024x576.jpg 1024w, https:\/\/www.easyrunoffice.fr\/wp-content\/uploads\/2021\/03\/Assistance-comptable-300x169.jpg 300w, https:\/\/www.easyrunoffice.fr\/wp-content\/uploads\/2021\/03\/Assistance-comptable-768x432.jpg 768w, https:\/\/www.easyrunoffice.fr\/wp-content\/uploads\/2021\/03\/Assistance-comptable.jpg 1280w\" sizes=\"(max-width: 1024px) 100vw, 1024px\" \/><\/figure>\n<\/div>\n\n\n\n<div class=\"wp-block-column\" style=\"flex-basis:66.66%\">\n<p><span class=\"has-inline-color has-black-color\">La <strong>pr\u00e9paration \u00e0 la comptabilit\u00e9<\/strong> est une <strong>fonction primordiale<\/strong> dans les entreprises mais extr\u00eamement chronophage. Il est n\u00e9cessaire de collecter les informations comptables entrantes et sortantes, clients et fournisseurs, en vue de leur traitement, d\u00e9mat\u00e9rialisation, classement, archivage, pr\u00e9paration et mise \u00e0 disposition de l\u2019expert-comptable pour la production des documents comptables. Ces op\u00e9rations doivent \u00eatre g\u00e9r\u00e9es par un professionnel pour \u00e9viter les erreurs et oublis.<\/span><\/p>\n<\/div>\n<\/div>\n\n\n\n<div class=\"wp-container-1 wp-block-buttons\">\n<div class=\"wp-block-button is-style-outline\"><a class=\"wp-block-button__link\" href=\"https:\/\/www.easyrunoffice.fr\/index.php\/contact\/\"><strong><span class=\"has-inline-color has-luminous-vivid-orange-color\">J&rsquo;externalise ma pr\u00e9paration \u00e0 la comptabilit\u00e9<\/span><\/strong><\/a><\/div>\n<\/div>\n\n\n\n<h2><span class=\"has-inline-color has-luminous-vivid-orange-color\">Les avantages de l&rsquo;externalisation<\/span><\/h2>\n\n\n\n<p><span class=\"has-inline-color has-black-color\">En tant que dirigeant d&rsquo;entreprise, vous devez \u00e0 la fois g\u00e9rer des t\u00e2ches strat\u00e9giques, op\u00e9rationnelles et administratives. <strong>Laisser \u00e0 un professionnel<\/strong> expert <strong>la charge des t\u00e2ches administratives<\/strong> qui vous incombent va vous permettre de vous concentrer sur votre coeur de m\u00e9tier.<\/span><\/p>\n\n\n\n<p><span class=\"has-inline-color has-black-color\">Je vous propose un<strong>\u00a0accompagnement personnalis\u00e9<\/strong>\u00a0dans le cadre de la pr\u00e9paration \u00e0 la comptabilit\u00e9 de votre entreprise ou de votre activit\u00e9.<\/span><\/p>\n\n\n\n<p><span class=\"has-inline-color has-black-color\">Si je n&rsquo;ai pas vocation \u00e0 remplir les missions d\u00e9volues \u00e0 l\u2019expert-comptable, je suis \u00e0 m\u00eame de vous accompagner dans votre gestion comptable gr\u00e2ce \u00e0 mes comp\u00e9tences et \u00e0 ma ma\u00eetrise des logiciels de gestion administrative. En tant que consultante ind\u00e9pendante, je serai responsable de la pr\u00e9paration des \u00e9l\u00e9ments n\u00e9cessaires \u00e0 l\u2019\u00e9laboration de votre comptabilit\u00e9 ainsi que des op\u00e9rations de contr\u00f4le des documents produits.<\/span><\/p>\n\n\n\n<p><span class=\"has-inline-color has-black-color\">Une solution externe offre de nombreux avantages. Je mets \u00e0 votre disposition des\u00a0<strong>prestations flexibles<\/strong>\u00a0<strong>modulables en fonction de vos besoins<\/strong>. Que vous souhaitiez faire appel \u00e0 mes services pour quelques heures par semaine, de fa\u00e7on r\u00e9guli\u00e8re ou ponctuelle, <strong>c&rsquo;est \u00e0 vous de choisir.<\/strong><\/span><\/p>\n\n\n\n<p><span class=\"has-inline-color has-black-color\">Recourir \u00e0 une prestataire externe pour votre pr\u00e9paration \u00e0 la comptabilit\u00e9, n\u2019implique\u00a0<strong>aucun co\u00fbt fixe<\/strong>\u00a0et n\u00e9cessite moins de ressources financi\u00e8res, humaines et organisationnelles qu\u2019un recrutement (entretien, int\u00e9gration, formation, suivi). Vous disposerez \u00e9galement d\u2019une\u00a0<strong>continuit\u00e9 de service<\/strong>\u00a0et d\u2019une assistance d\u00e8s que vous en avez besoin sans avoir \u00e0 g\u00e9rer les absences et les co\u00fbts li\u00e9s aux cong\u00e9s, maladies\u2026<\/span><\/p>\n\n\n\n<p><span class=\"has-inline-color has-black-color\">Mes prestations sont\u00a0<strong>sans engagement<\/strong>\u00a0et vous garantissent le<strong>\u00a0secret professionnel.<\/strong><\/span><\/p>\n\n\n\n<div class=\"wp-container-2 wp-block-buttons\">\n<div class=\"wp-block-button is-style-outline\"><a class=\"wp-block-button__link\" href=\"https:\/\/www.easyrunoffice.fr\/index.php\/contact\/\"><strong><span class=\"has-inline-color has-luminous-vivid-orange-color\">J&rsquo;aimerais en savoir plus<\/span><\/strong><\/a><\/div>\n<\/div>\n\n\n\n<h2><span class=\"has-inline-color has-luminous-vivid-orange-color\">Externaliser sa pr\u00e9paration comptable en 4 \u00e9tapes simples:<\/span><\/h2>\n\n\n\n<figure class=\"wp-block-table\"><table><tbody><tr><td>1\ufe0f\u20e3<\/td><td>2\ufe0f\u20e3<\/td><td>3\ufe0f\u20e3<\/td><td>4\ufe0f\u20e3<\/td><\/tr><tr><td><span class=\"has-inline-color has-black-color\">Nous qualifions ensemble<br>votre besoin<\/span><\/td><td><span class=\"has-inline-color has-black-color\">Vous recevez votre<br>devis dans les minutes<br>qui suivent<\/span><\/td><td><span class=\"has-inline-color has-black-color\">Je viens dans vos locaux<br>ou travaille \u00e0 distance<br>pour vous<\/span><\/td><td><span class=\"has-inline-color has-black-color\">Vous payez uniquement les<br>heures effectu\u00e9es<br>et votre facturation est mensuelle<\/span><\/td><\/tr><\/tbody><\/table><\/figure>\n\n\n\n<figure class=\"wp-block-table\"><table><tbody><tr><td><strong><span class=\"has-inline-color has-luminous-vivid-orange-color\">Flexibilit\u00e9<\/span><\/strong><\/td><\/tr><tr><td><span class=\"has-inline-color has-black-color\">Missions ponctuelles (2h minimum) ou r\u00e9guli\u00e8res (chaque semaine, mois,&#8230;)<\/span><br><strong><span class=\"has-inline-color has-luminous-vivid-orange-color\">C&rsquo;est vous qui d\u00e9cidez !<\/span><\/strong><\/td><\/tr><\/tbody><\/table><\/figure>\n\n\n\n<div class=\"wp-container-3 wp-block-buttons\">\n<div class=\"wp-block-button is-style-outline\"><a class=\"wp-block-button__link\" href=\"https:\/\/www.easyrunoffice.fr\/index.php\/contact\/\"><strong><span class=\"has-inline-color has-luminous-vivid-orange-color\">Je demande un devis<\/span><\/strong><\/a><\/div>\n<\/div>\n","protected":false},"excerpt":{"rendered":"<p>Gestion comptable : externalisez la pr\u00e9paration \u00e0 la comptabilit\u00e9 Pour bon nombre d&rsquo;entrepreneurs, classer, ranger, organiser les \u00e9l\u00e9ments \u00e0 transmettre \u00e0 leur expert-comptable est un vrai casse-t\u00eate. Faire appel aux services d&rsquo;une assistante ind\u00e9pendante pour g\u00e9rer l&rsquo;ensemble des pi\u00e8ces n\u00e9cessaires \u00e0 la pr\u00e9paration de la comptabilit\u00e9 est la solution la plus fiable. Bien noter que&hellip; <br \/> <a class=\"read-more\" href=\"https:\/\/www.easyrunoffice.fr\/index.php\/assistance-comptable-3\/\">Lire la suite<\/a><\/p>\n","protected":false},"author":1,"featured_media":0,"parent":0,"menu_order":0,"comment_status":"closed","ping_status":"closed","template":"","meta":[],"_links":{"self":[{"href":"https:\/\/www.easyrunoffice.fr\/index.php\/wp-json\/wp\/v2\/pages\/516"}],"collection":[{"href":"https:\/\/www.easyrunoffice.fr\/index.php\/wp-json\/wp\/v2\/pages"}],"about":[{"href":"https:\/\/www.easyrunoffice.fr\/index.php\/wp-json\/wp\/v2\/types\/page"}],"author":[{"embeddable":true,"href":"https:\/\/www.easyrunoffice.fr\/index.php\/wp-json\/wp\/v2\/users\/1"}],"replies":[{"embeddable":true,"href":"https:\/\/www.easyrunoffice.fr\/index.php\/wp-json\/wp\/v2\/comments?post=516"}],"version-history":[{"count":6,"href":"https:\/\/www.easyrunoffice.fr\/index.php\/wp-json\/wp\/v2\/pages\/516\/revisions"}],"predecessor-version":[{"id":846,"href":"https:\/\/www.easyrunoffice.fr\/index.php\/wp-json\/wp\/v2\/pages\/516\/revisions\/846"}],"wp:attachment":[{"href":"https:\/\/www.easyrunoffice.fr\/index.php\/wp-json\/wp\/v2\/media?parent=516"}],"curies":[{"name":"wp","href":"https:\/\/api.w.org\/{rel}","templated":true}]}}